{"id":3587,"date":"2025-03-02T16:11:03","date_gmt":"2025-03-02T13:11:03","guid":{"rendered":"https:\/\/maisondesvoyageurs.org\/?page_id=3587"},"modified":"2026-04-21T11:37:06","modified_gmt":"2026-04-21T08:37:06","slug":"a-propos","status":"publish","type":"page","link":"https:\/\/maisondesvoyageurs.org\/en\/a-propos\/","title":{"rendered":"A propos"},"content":{"rendered":"<div data-elementor-type=\"wp-page\" data-elementor-id=\"3587\" class=\"elementor elementor-3587\">\n\t\t\t\t<div class=\"elementor-element elementor-element-cf53aad e-flex e-con-boxed wpr-particle-no wpr-jarallax-no wpr-parallax-no wpr-sticky-section-no wpr-equal-height-no e-con e-parent\" data-id=\"cf53aad\" data-element_type=\"container\" data-e-type=\"container\" data-settings=\"{&quot;background_background&quot;:&quot;classic&quot;}\">\n\t\t\t\t\t<div class=\"e-con-inner\">\n\t\t\t\t<div class=\"elementor-element elementor-element-e11d295 elementor-widget elementor-widget-heading\" data-id=\"e11d295\" data-element_type=\"widget\" data-e-type=\"widget\" data-widget_type=\"heading.default\">\n\t\t\t\t<div class=\"elementor-widget-container\">\n\t\t\t\t\t<h2 class=\"elementor-heading-title elementor-size-default\">Where does the project come from ? <\/h2>\t\t\t\t<\/div>\n\t\t\t\t<\/div>\n\t\t\t\t<div class=\"elementor-element elementor-element-ddc4feb elementor-widget elementor-widget-spacer\" data-id=\"ddc4feb\" data-element_type=\"widget\" data-e-type=\"widget\" data-widget_type=\"spacer.default\">\n\t\t\t\t<div class=\"elementor-widget-container\">\n\t\t\t\t\t\t\t<div class=\"elementor-spacer\">\n\t\t\t<div class=\"elementor-spacer-inner\"><\/div>\n\t\t<\/div>\n\t\t\t\t\t\t<\/div>\n\t\t\t\t<\/div>\n\t\t\t\t<div class=\"elementor-element elementor-element-b21e8a3 elementor-widget elementor-widget-heading\" data-id=\"b21e8a3\" data-element_type=\"widget\" data-e-type=\"widget\" data-widget_type=\"heading.default\">\n\t\t\t\t<div class=\"elementor-widget-container\">\n\t\t\t\t\t<h4 class=\"elementor-heading-title elementor-size-default\">D'ou vient le projet ?<\/h4>\t\t\t\t<\/div>\n\t\t\t\t<\/div>\n\t\t\t\t<div class=\"elementor-element elementor-element-d8fb067 elementor-widget__width-initial elementor-widget elementor-widget-text-editor\" data-id=\"d8fb067\" data-element_type=\"widget\" data-e-type=\"widget\" data-widget_type=\"text-editor.default\">\n\t\t\t\t<div class=\"elementor-widget-container\">\n\t\t\t\t\t\t\t\t\t<p style=\"text-align: center;\">The maison des voyageurs project was born from a meeting between th\u00e9ophile and thomas. th\u00e9ophile, a malagasy guide deeply involved in his local community, wanted to develop a community tourism project.<a href=\"https:\/\/www.tourisme-equitable.org\/le-tourisme-communautaire\/\"> tourisme communautaire<\/a>. De l\u2019autre, Thomas qui faisait son deuxi\u00e8me s\u00e9jour \u00e0 Madagascar et qui souhaitait depuis longtemps cr\u00e9er un r\u00e9seau de tourisme responsable.<\/p>\t\t\t\t\t\t\t\t<\/div>\n\t\t\t\t<\/div>\n\t\t\t\t<div class=\"elementor-element elementor-element-3ffe246 elementor-widget elementor-widget-spacer\" data-id=\"3ffe246\" data-element_type=\"widget\" data-e-type=\"widget\" data-widget_type=\"spacer.default\">\n\t\t\t\t<div class=\"elementor-widget-container\">\n\t\t\t\t\t\t\t<div class=\"elementor-spacer\">\n\t\t\t<div class=\"elementor-spacer-inner\"><\/div>\n\t\t<\/div>\n\t\t\t\t\t\t<\/div>\n\t\t\t\t<\/div>\n\t\t\t\t<div class=\"elementor-element elementor-element-779d88e elementor-widget elementor-widget-heading\" data-id=\"779d88e\" data-element_type=\"widget\" data-e-type=\"widget\" data-widget_type=\"heading.default\">\n\t\t\t\t<div class=\"elementor-widget-container\">\n\t\t\t\t\t<h4 class=\"elementor-heading-title elementor-size-default\">Supporting local structures<\/h4>\t\t\t\t<\/div>\n\t\t\t\t<\/div>\n\t\t\t\t<div class=\"elementor-element elementor-element-a46b1ad elementor-widget__width-initial elementor-widget elementor-widget-text-editor\" data-id=\"a46b1ad\" data-element_type=\"widget\" data-e-type=\"widget\" data-widget_type=\"text-editor.default\">\n\t\t\t\t<div class=\"elementor-widget-container\">\n\t\t\t\t\t\t\t\t\t<p style=\"text-align: center;\"><strong>Our vision ? <\/strong><br \/><strong><em>Le tourisme doit \u00eatre un levier de financement pour le d\u00e9veloppement des projets locaux.<\/em><\/strong><\/p>\t\t\t\t\t\t\t\t<\/div>\n\t\t\t\t<\/div>\n\t\t\t\t<div class=\"elementor-element elementor-element-a320ba4 elementor-widget__width-initial elementor-widget elementor-widget-text-editor\" data-id=\"a320ba4\" data-element_type=\"widget\" data-e-type=\"widget\" data-widget_type=\"text-editor.default\">\n\t\t\t\t<div class=\"elementor-widget-container\">\n\t\t\t\t\t\t\t\t\t<p style=\"text-align: center;\">Maison des voyageurs is a local malagasy association. its members are residents of the ambalahonko commune. the project aims to promote and develop the territory and the projects of the inhabitants of the ambalahonko commune.<\/p><p style=\"text-align: center;\"><span style=\"text-decoration: underline;\">All project revenues are reinvested in local projects.<\/span><\/p><p style=\"text-align: center;\">This is a project based on values of sharing, solidarity, mutual support, and respect.<\/p>\t\t\t\t\t\t\t\t<\/div>\n\t\t\t\t<\/div>\n\t\t\t\t<div class=\"elementor-element elementor-element-b05a854 elementor-widget elementor-widget-spacer\" data-id=\"b05a854\" data-element_type=\"widget\" data-e-type=\"widget\" data-widget_type=\"spacer.default\">\n\t\t\t\t<div class=\"elementor-widget-container\">\n\t\t\t\t\t\t\t<div class=\"elementor-spacer\">\n\t\t\t<div class=\"elementor-spacer-inner\"><\/div>\n\t\t<\/div>\n\t\t\t\t\t\t<\/div>\n\t\t\t\t<\/div>\n\t\t\t\t<div class=\"elementor-element elementor-element-32f6ea4 elementor-widget elementor-widget-heading\" data-id=\"32f6ea4\" data-element_type=\"widget\" data-e-type=\"widget\" data-widget_type=\"heading.default\">\n\t\t\t\t<div class=\"elementor-widget-container\">\n\t\t\t\t\t<h4 class=\"elementor-heading-title elementor-size-default\">How does it work ? <\/h4>\t\t\t\t<\/div>\n\t\t\t\t<\/div>\n\t\t\t\t<div class=\"elementor-element elementor-element-4752a2d elementor-widget__width-initial e-transform e-transform elementor-widget elementor-widget-text-editor\" data-id=\"4752a2d\" data-element_type=\"widget\" data-e-type=\"widget\" data-settings=\"{&quot;_transform_rotateZ_effect&quot;:{&quot;unit&quot;:&quot;px&quot;,&quot;size&quot;:0,&quot;sizes&quot;:[]},&quot;_transform_skewX_effect&quot;:{&quot;unit&quot;:&quot;px&quot;,&quot;size&quot;:0,&quot;sizes&quot;:[]},&quot;_transform_rotateZ_effect_tablet&quot;:{&quot;unit&quot;:&quot;deg&quot;,&quot;size&quot;:&quot;&quot;,&quot;sizes&quot;:[]},&quot;_transform_rotateZ_effect_mobile&quot;:{&quot;unit&quot;:&quot;deg&quot;,&quot;size&quot;:&quot;&quot;,&quot;sizes&quot;:[]},&quot;_transform_skewX_effect_tablet&quot;:{&quot;unit&quot;:&quot;deg&quot;,&quot;size&quot;:&quot;&quot;,&quot;sizes&quot;:[]},&quot;_transform_skewX_effect_mobile&quot;:{&quot;unit&quot;:&quot;deg&quot;,&quot;size&quot;:&quot;&quot;,&quot;sizes&quot;:[]},&quot;_transform_skewY_effect&quot;:{&quot;unit&quot;:&quot;px&quot;,&quot;size&quot;:&quot;&quot;,&quot;sizes&quot;:[]},&quot;_transform_skewY_effect_tablet&quot;:{&quot;unit&quot;:&quot;deg&quot;,&quot;size&quot;:&quot;&quot;,&quot;sizes&quot;:[]},&quot;_transform_skewY_effect_mobile&quot;:{&quot;unit&quot;:&quot;deg&quot;,&quot;size&quot;:&quot;&quot;,&quot;sizes&quot;:[]}}\" data-widget_type=\"text-editor.default\">\n\t\t\t\t<div class=\"elementor-widget-container\">\n\t\t\t\t\t\t\t\t\t<p style=\"text-align: center;\">The revenue generated by accommodation feeds the maison des voyageurs social fund. this fund is used to finance socio-economic projects in the area, such as financial support for partners, micro-loans for creating or developing activities, or funding infrastructure for health, education, water, and sanitation, or any other identified needs.<\/p>\t\t\t\t\t\t\t\t<\/div>\n\t\t\t\t<\/div>\n\t\t\t\t<div class=\"elementor-element elementor-element-1580355 elementor-widget__width-initial e-transform e-transform elementor-widget elementor-widget-text-editor\" data-id=\"1580355\" data-element_type=\"widget\" data-e-type=\"widget\" data-settings=\"{&quot;_transform_rotateZ_effect&quot;:{&quot;unit&quot;:&quot;px&quot;,&quot;size&quot;:0,&quot;sizes&quot;:[]},&quot;_transform_skewX_effect&quot;:{&quot;unit&quot;:&quot;px&quot;,&quot;size&quot;:0,&quot;sizes&quot;:[]},&quot;_transform_rotateZ_effect_tablet&quot;:{&quot;unit&quot;:&quot;deg&quot;,&quot;size&quot;:&quot;&quot;,&quot;sizes&quot;:[]},&quot;_transform_rotateZ_effect_mobile&quot;:{&quot;unit&quot;:&quot;deg&quot;,&quot;size&quot;:&quot;&quot;,&quot;sizes&quot;:[]},&quot;_transform_skewX_effect_tablet&quot;:{&quot;unit&quot;:&quot;deg&quot;,&quot;size&quot;:&quot;&quot;,&quot;sizes&quot;:[]},&quot;_transform_skewX_effect_mobile&quot;:{&quot;unit&quot;:&quot;deg&quot;,&quot;size&quot;:&quot;&quot;,&quot;sizes&quot;:[]},&quot;_transform_skewY_effect&quot;:{&quot;unit&quot;:&quot;px&quot;,&quot;size&quot;:&quot;&quot;,&quot;sizes&quot;:[]},&quot;_transform_skewY_effect_tablet&quot;:{&quot;unit&quot;:&quot;deg&quot;,&quot;size&quot;:&quot;&quot;,&quot;sizes&quot;:[]},&quot;_transform_skewY_effect_mobile&quot;:{&quot;unit&quot;:&quot;deg&quot;,&quot;size&quot;:&quot;&quot;,&quot;sizes&quot;:[]}}\" data-widget_type=\"text-editor.default\">\n\t\t\t\t<div class=\"elementor-widget-container\">\n\t\t\t\t\t\t\t\t\t<p style=\"text-align: center;\"><a href=\"https:\/\/maisondesvoyageurs.org\/en\/activites\/\" target=\"_blank\" rel=\"noopener\">The activities offered<\/a> pendant votre s\u00e9jour seront g\u00e9r\u00e9es et anim\u00e9es par les associations villageoises partenaires de la commune.<\/p><p style=\"text-align: center;\">Avec elles nous d\u00e9finissons des paliers financiers \u00e0 atteindre pour favoriser leur d\u00e9veloppement \u00e9conomique (achat de mat\u00e9riel, formation des membres&#8230;).<\/p><p style=\"text-align: center;\">100 % des revenus des activit\u00e9s permettent de financer les paliers. Une fois les paliers atteints, les partenaires disposent de l&rsquo;argent pour investir dans leur palier.<\/p><p style=\"text-align: center;\">Le but est de p\u00e9renniser les structures \u00e9conomiques du territoire en renfor\u00e7ant leur capacit\u00e9 d&rsquo;investissement.<\/p>\t\t\t\t\t\t\t\t<\/div>\n\t\t\t\t<\/div>\n\t\t\t\t<div class=\"elementor-element elementor-element-c2b3725 elementor-widget__width-initial e-transform e-transform elementor-widget elementor-widget-text-editor\" data-id=\"c2b3725\" data-element_type=\"widget\" data-e-type=\"widget\" data-settings=\"{&quot;_transform_rotateZ_effect&quot;:{&quot;unit&quot;:&quot;px&quot;,&quot;size&quot;:0,&quot;sizes&quot;:[]},&quot;_transform_skewX_effect&quot;:{&quot;unit&quot;:&quot;px&quot;,&quot;size&quot;:0,&quot;sizes&quot;:[]},&quot;_transform_rotateZ_effect_tablet&quot;:{&quot;unit&quot;:&quot;deg&quot;,&quot;size&quot;:&quot;&quot;,&quot;sizes&quot;:[]},&quot;_transform_rotateZ_effect_mobile&quot;:{&quot;unit&quot;:&quot;deg&quot;,&quot;size&quot;:&quot;&quot;,&quot;sizes&quot;:[]},&quot;_transform_skewX_effect_tablet&quot;:{&quot;unit&quot;:&quot;deg&quot;,&quot;size&quot;:&quot;&quot;,&quot;sizes&quot;:[]},&quot;_transform_skewX_effect_mobile&quot;:{&quot;unit&quot;:&quot;deg&quot;,&quot;size&quot;:&quot;&quot;,&quot;sizes&quot;:[]},&quot;_transform_skewY_effect&quot;:{&quot;unit&quot;:&quot;px&quot;,&quot;size&quot;:&quot;&quot;,&quot;sizes&quot;:[]},&quot;_transform_skewY_effect_tablet&quot;:{&quot;unit&quot;:&quot;deg&quot;,&quot;size&quot;:&quot;&quot;,&quot;sizes&quot;:[]},&quot;_transform_skewY_effect_mobile&quot;:{&quot;unit&quot;:&quot;deg&quot;,&quot;size&quot;:&quot;&quot;,&quot;sizes&quot;:[]}}\" data-widget_type=\"text-editor.default\">\n\t\t\t\t<div class=\"elementor-widget-container\">\n\t\t\t\t\t\t\t\t\t<p style=\"text-align: center;\">Ambalahonko means \"around the mangrove.\" local environmental associations work to protect and preserve the mangrove around the commune's villages.<\/p><p style=\"text-align: center;\">Les revenues de la taxe solidaire environnementale (10 000 ar, environ 2 euros par s\u00e9jour) alimentent le fonds environnementale de la Maison Des Voyageurs qui participera au financement des projets environnementaux du territoire.<\/p>\t\t\t\t\t\t\t\t<\/div>\n\t\t\t\t<\/div>\n\t\t\t\t<div class=\"elementor-element elementor-element-3b12cb4 elementor-align-justify elementor-widget__width-initial elementor-widget elementor-widget-button\" data-id=\"3b12cb4\" data-element_type=\"widget\" data-e-type=\"widget\" data-widget_type=\"button.default\">\n\t\t\t\t<div class=\"elementor-widget-container\">\n\t\t\t\t\t\t\t\t\t<div class=\"elementor-button-wrapper\">\n\t\t\t\t\t<a class=\"elementor-button elementor-button-link elementor-size-sm elementor-animation-grow\" href=\"https:\/\/maisondesvoyageurs.org\/en\/reservez-votre-sejour-a-la-maison-des-voyageurs\/\" target=\"_blank\">\n\t\t\t\t\t\t<span class=\"elementor-button-content-wrapper\">\n\t\t\t\t\t\t\t\t\t<span class=\"elementor-button-text\">Book your solidarity stay now! <\/span>\n\t\t\t\t\t<\/span>\n\t\t\t\t\t<\/a>\n\t\t\t\t<\/div>\n\t\t\t\t\t\t\t\t<\/div>\n\t\t\t\t<\/div>\n\t\t\t\t<div class=\"elementor-element elementor-element-8096a5b elementor-widget elementor-widget-spacer\" data-id=\"8096a5b\" data-element_type=\"widget\" data-e-type=\"widget\" data-widget_type=\"spacer.default\">\n\t\t\t\t<div class=\"elementor-widget-container\">\n\t\t\t\t\t\t\t<div class=\"elementor-spacer\">\n\t\t\t<div class=\"elementor-spacer-inner\"><\/div>\n\t\t<\/div>\n\t\t\t\t\t\t<\/div>\n\t\t\t\t<\/div>\n\t\t\t\t\t<\/div>\n\t\t\t\t<\/div>\n\t\t\t\t<\/div>","protected":false},"excerpt":{"rendered":"<p>A propros D&rsquo;ou vient le projet ? Le projet de la Maison Des Voyageurs est n\u00e9 d\u2019une rencontre entre Th\u00e9ophile et Thomas. D\u2019un c\u00f4t\u00e9 Th\u00e9ophile, guide Malgache tr\u00e8s investi dans sa commune natale et qui souhaitait d\u00e9velopper un projet de tourisme communautaire. De l\u2019autre, Thomas qui faisait son deuxi\u00e8me s\u00e9jour<\/p>","protected":false},"author":1,"featured_media":0,"parent":0,"menu_order":0,"comment_status":"closed","ping_status":"closed","template":"page-templates\/template-pagebuilder-full-width.php","meta":{"_uag_custom_page_level_css":"","_themeisle_gutenberg_block_has_review":false,"footnotes":""},"class_list":["post-3587","page","type-page","status-publish","hentry"],"aioseo_notices":[],"uagb_featured_image_src":{"full":false,"thumbnail":false,"medium":false,"medium_large":false,"large":false,"1536x1536":false,"2048x2048":false,"trp-custom-language-flag":false,"hestia-blog":false},"uagb_author_info":{"display_name":"thomas.bellon.pro@gmail.com","author_link":"https:\/\/maisondesvoyageurs.org\/en\/author\/thomas-bellon-progmail-com\/"},"uagb_comment_info":0,"uagb_excerpt":"A propros D&rsquo;ou vient le projet ? Le projet de la Maison Des Voyageurs est n\u00e9 d\u2019une rencontre entre Th\u00e9ophile et Thomas. D\u2019un c\u00f4t\u00e9 Th\u00e9ophile, guide Malgache tr\u00e8s investi dans sa commune natale et qui souhaitait d\u00e9velopper un projet de tourisme communautaire. De l\u2019autre, Thomas qui faisait son deuxi\u00e8me s\u00e9jour","_links":{"self":[{"href":"https:\/\/maisondesvoyageurs.org\/en\/wp-json\/wp\/v2\/pages\/3587","targetHints":{"allow":["GET"]}}],"collection":[{"href":"https:\/\/maisondesvoyageurs.org\/en\/wp-json\/wp\/v2\/pages"}],"about":[{"href":"https:\/\/maisondesvoyageurs.org\/en\/wp-json\/wp\/v2\/types\/page"}],"author":[{"embeddable":true,"href":"https:\/\/maisondesvoyageurs.org\/en\/wp-json\/wp\/v2\/users\/1"}],"replies":[{"embeddable":true,"href":"https:\/\/maisondesvoyageurs.org\/en\/wp-json\/wp\/v2\/comments?post=3587"}],"version-history":[{"count":131,"href":"https:\/\/maisondesvoyageurs.org\/en\/wp-json\/wp\/v2\/pages\/3587\/revisions"}],"predecessor-version":[{"id":4744,"href":"https:\/\/maisondesvoyageurs.org\/en\/wp-json\/wp\/v2\/pages\/3587\/revisions\/4744"}],"wp:attachment":[{"href":"https:\/\/maisondesvoyageurs.org\/en\/wp-json\/wp\/v2\/media?parent=3587"}],"curies":[{"name":"wp","href":"https:\/\/api.w.org\/{rel}","templated":true}]}}