{"id":2978,"date":"2025-02-07T17:44:01","date_gmt":"2025-02-07T14:44:01","guid":{"rendered":"https:\/\/maisondesvoyageurs.org\/?page_id=2978"},"modified":"2026-02-14T00:41:14","modified_gmt":"2026-02-13T21:41:14","slug":"activites","status":"publish","type":"page","link":"https:\/\/maisondesvoyageurs.org\/en\/activites\/","title":{"rendered":"Nos tarifs et activit\u00e9s"},"content":{"rendered":"<div data-elementor-type=\"wp-page\" data-elementor-id=\"2978\" class=\"elementor elementor-2978\">\n\t\t\t\t<div class=\"elementor-element elementor-element-0a1014d e-flex e-con-boxed wpr-particle-no wpr-jarallax-no wpr-parallax-no wpr-sticky-section-no wpr-equal-height-no e-con e-parent\" data-id=\"0a1014d\" data-element_type=\"container\" data-e-type=\"container\" data-settings=\"{&quot;background_background&quot;:&quot;classic&quot;}\">\n\t\t\t\t\t<div class=\"e-con-inner\">\n\t\t\t\t<div class=\"elementor-element elementor-element-247eac3 elementor-widget elementor-widget-heading\" data-id=\"247eac3\" data-element_type=\"widget\" data-e-type=\"widget\" data-widget_type=\"heading.default\">\n\t\t\t\t<div class=\"elementor-widget-container\">\n\t\t\t\t\t<h2 class=\"elementor-heading-title elementor-size-default\">Nos activit\u00e9s<\/h2>\t\t\t\t<\/div>\n\t\t\t\t<\/div>\n\t\t\t\t<div class=\"elementor-element elementor-element-189f844 elementor-widget__width-initial elementor-widget elementor-widget-text-editor\" data-id=\"189f844\" data-element_type=\"widget\" data-e-type=\"widget\" data-widget_type=\"text-editor.default\">\n\t\t\t\t<div class=\"elementor-widget-container\">\n\t\t\t\t\t\t\t\t\t<p style=\"text-align: center;\">Lors de votre s\u00e9jour \u00e0 la Maison Des Voyageurs, vous pourrez participer \u00e0 diff\u00e9rentes activit\u00e9s. En fonction de vos d\u00e9sirs et de vos disponibilit\u00e9s, vous pouvez choisir des activit\u00e9s avec des formules ou \u00e0 la carte.<\/p><p style=\"text-align: center;\">La majorit\u00e9 des activit\u00e9s sont anim\u00e9es par les associations villageoises partenaires et les revenus g\u00e9n\u00e9r\u00e9s soutiennent leurs d\u00e9veloppements. Pour en savoir plus sur le financement des projets du territoire, rendez-vous sur la page<a href=\"https:\/\/maisondesvoyageurs.org\/en\/a-propos\/\"> A propos.<\/a><\/p>\t\t\t\t\t\t\t\t<\/div>\n\t\t\t\t<\/div>\n\t\t\t\t<div class=\"elementor-element elementor-element-928af2c elementor-widget__width-initial elementor-widget elementor-widget-text-editor\" data-id=\"928af2c\" data-element_type=\"widget\" data-e-type=\"widget\" data-widget_type=\"text-editor.default\">\n\t\t\t\t<div class=\"elementor-widget-container\">\n\t\t\t\t\t\t\t\t\t<p style=\"text-align: center;\">*Les repas vous seront pr\u00e9par\u00e9s et servis. Retrouvez plus d&rsquo;informations sur les repas dans <a href=\"https:\/\/maisondesvoyageurs.org\/en\/faq\/\" target=\"_blank\" rel=\"noopener\">la FAQ<\/a>.<\/p>\t\t\t\t\t\t\t\t<\/div>\n\t\t\t\t<\/div>\n\t\t\t\t<div class=\"elementor-element elementor-element-57348e8 elementor-widget elementor-widget-spacer\" data-id=\"57348e8\" data-element_type=\"widget\" data-e-type=\"widget\" data-widget_type=\"spacer.default\">\n\t\t\t\t<div class=\"elementor-widget-container\">\n\t\t\t\t\t\t\t<div class=\"elementor-spacer\">\n\t\t\t<div class=\"elementor-spacer-inner\"><\/div>\n\t\t<\/div>\n\t\t\t\t\t\t<\/div>\n\t\t\t\t<\/div>\n\t\t\t\t<div class=\"elementor-element elementor-element-3cbda8f elementor-widget elementor-widget-spacer\" data-id=\"3cbda8f\" data-element_type=\"widget\" data-e-type=\"widget\" data-widget_type=\"spacer.default\">\n\t\t\t\t<div class=\"elementor-widget-container\">\n\t\t\t\t\t\t\t<div class=\"elementor-spacer\">\n\t\t\t<div class=\"elementor-spacer-inner\"><\/div>\n\t\t<\/div>\n\t\t\t\t\t\t<\/div>\n\t\t\t\t<\/div>\n\t\t\t\t<div class=\"elementor-element elementor-element-6958475 elementor-widget elementor-widget-heading\" data-id=\"6958475\" data-element_type=\"widget\" data-e-type=\"widget\" data-widget_type=\"heading.default\">\n\t\t\t\t<div class=\"elementor-widget-container\">\n\t\t\t\t\t<h2 class=\"elementor-heading-title elementor-size-default\">Nos tarifs<\/h2>\t\t\t\t<\/div>\n\t\t\t\t<\/div>\n\t\t\t\t<div class=\"elementor-element elementor-element-ed1e232 elementor-widget__width-initial elementor-widget elementor-widget-text-editor\" data-id=\"ed1e232\" data-element_type=\"widget\" data-e-type=\"widget\" data-widget_type=\"text-editor.default\">\n\t\t\t\t<div class=\"elementor-widget-container\">\n\t\t\t\t\t\t\t\t\t<p style=\"text-align: center;\">Nous nous effor\u00e7ons de proposer des tarifs \u00e9quitables pour vous et nos partenaires locaux.<\/p><p style=\"text-align: center;\">Pour rappel, 100% des revenus des activit\u00e9s sont revers\u00e9s \u00e0 nos partenaires pour leur d\u00e9veloppement \u00e9conomique.\u00a0<\/p><p style=\"text-align: center;\">Vous pouvez r\u00e9aliser des activit\u00e9s \u00e0 la carte ou bien opter pour des formules tout compris.\u00a0<\/p><p style=\"text-align: center;\">Pour conna\u00eetre le prix des activit\u00e9s et les formules , merci de contacter notre guide Th\u00e9ophile par Whatsapp : +261 32 48 008 91<\/p><p style=\"text-align: center;\"><em>\u00a0<\/em><\/p>\t\t\t\t\t\t\t\t<\/div>\n\t\t\t\t<\/div>\n\t\t\t\t<div class=\"elementor-element elementor-element-34a6d74 elementor-widget__width-initial e-transform e-transform elementor-widget elementor-widget-text-editor\" data-id=\"34a6d74\" data-element_type=\"widget\" data-e-type=\"widget\" data-settings=\"{&quot;_transform_rotateZ_effect&quot;:{&quot;unit&quot;:&quot;px&quot;,&quot;size&quot;:0,&quot;sizes&quot;:[]},&quot;_transform_skewX_effect&quot;:{&quot;unit&quot;:&quot;px&quot;,&quot;size&quot;:0,&quot;sizes&quot;:[]},&quot;_transform_rotateZ_effect_tablet&quot;:{&quot;unit&quot;:&quot;deg&quot;,&quot;size&quot;:&quot;&quot;,&quot;sizes&quot;:[]},&quot;_transform_rotateZ_effect_mobile&quot;:{&quot;unit&quot;:&quot;deg&quot;,&quot;size&quot;:&quot;&quot;,&quot;sizes&quot;:[]},&quot;_transform_skewX_effect_tablet&quot;:{&quot;unit&quot;:&quot;deg&quot;,&quot;size&quot;:&quot;&quot;,&quot;sizes&quot;:[]},&quot;_transform_skewX_effect_mobile&quot;:{&quot;unit&quot;:&quot;deg&quot;,&quot;size&quot;:&quot;&quot;,&quot;sizes&quot;:[]},&quot;_transform_skewY_effect&quot;:{&quot;unit&quot;:&quot;px&quot;,&quot;size&quot;:&quot;&quot;,&quot;sizes&quot;:[]},&quot;_transform_skewY_effect_tablet&quot;:{&quot;unit&quot;:&quot;deg&quot;,&quot;size&quot;:&quot;&quot;,&quot;sizes&quot;:[]},&quot;_transform_skewY_effect_mobile&quot;:{&quot;unit&quot;:&quot;deg&quot;,&quot;size&quot;:&quot;&quot;,&quot;sizes&quot;:[]}}\" data-widget_type=\"text-editor.default\">\n\t\t\t\t<div class=\"elementor-widget-container\">\n\t\t\t\t\t\t\t\t\t<p style=\"text-align: center;\">Logement : 100 000 ar (<span class=\"BxUVEf ILfuVd\" lang=\"fr\"><span class=\"hgKElc\">\u2243<\/span><\/span>20<span class=\"BxUVEf ILfuVd\" lang=\"fr\"><span class=\"hgKElc\">\u20ac<\/span><\/span>) \/ nuit<\/p><p style=\"text-align: center;\">Guide : 60 000 ar\u00a0(<span class=\"BxUVEf ILfuVd\" lang=\"fr\"><span class=\"hgKElc\">\u2243<\/span><\/span>12<span class=\"BxUVEf ILfuVd\" lang=\"fr\"><span class=\"hgKElc\">\u20ac<\/span><\/span>) \/ jour ou 30 000 Ar (<span class=\"BxUVEf ILfuVd\" lang=\"fr\"><span class=\"hgKElc\">\u2243<\/span><\/span>6<span class=\"BxUVEf ILfuVd\" lang=\"fr\"><span class=\"hgKElc\">\u20ac<\/span><\/span>) \/ demi &#8211; journ\u00e9e<\/p><p style=\"text-align: center;\">Petit d\u00e9jeuner : 15 000 ar (<span class=\"BxUVEf ILfuVd\" lang=\"fr\"><span class=\"hgKElc\">\u2243<\/span><\/span>3<span class=\"BxUVEf ILfuVd\" lang=\"fr\"><span class=\"hgKElc\">\u20ac<\/span><\/span>) \/ personne<\/p><p style=\"text-align: center;\">D\u00e9jeuner : 30 000 ar (<span class=\"BxUVEf ILfuVd\" lang=\"fr\"><span class=\"hgKElc\">\u22436<\/span><\/span><span class=\"BxUVEf ILfuVd\" lang=\"fr\"><span class=\"hgKElc\">\u20ac<\/span><\/span>) \/ personne<\/p><p style=\"text-align: center;\">Diner : 30 000 ar (<span class=\"BxUVEf ILfuVd\" lang=\"fr\"><span class=\"hgKElc\">\u22436<\/span><\/span><span class=\"BxUVEf ILfuVd\" lang=\"fr\"><span class=\"hgKElc\">\u20ac<\/span><\/span>) \/ personne<\/p><p style=\"text-align: center;\">Taxe communale : 5 000 ar (<span class=\"BxUVEf ILfuVd\" lang=\"fr\"><span class=\"hgKElc\">\u2243<\/span><\/span>1<span class=\"BxUVEf ILfuVd\" lang=\"fr\"><span class=\"hgKElc\">\u20ac<\/span><\/span>) \/ personne<\/p><p style=\"text-align: center;\">Taxe environnementale : 10 000 ar (<span class=\"BxUVEf ILfuVd\" lang=\"fr\"><span class=\"hgKElc\">\u2243<\/span><\/span>2<span class=\"BxUVEf ILfuVd\" lang=\"fr\"><span class=\"hgKElc\">\u20ac<\/span><\/span>) \/ personne<\/p><p style=\"text-align: center;\"><em>* Les prix affich\u00e9s sont en monnaie locale. Les prix en euro peuvent l\u00e9g\u00e8rement vari\u00e9s en fonction de votre taux de change. <\/em><\/p><p style=\"text-align: center;\"><\/p>\t\t\t\t\t\t\t\t<\/div>\n\t\t\t\t<\/div>\n\t\t\t\t<div class=\"elementor-element elementor-element-42dccdc elementor-widget-divider--separator-type-pattern elementor-widget-divider--view-line elementor-widget elementor-widget-divider\" data-id=\"42dccdc\" data-element_type=\"widget\" data-e-type=\"widget\" data-widget_type=\"divider.default\">\n\t\t\t\t<div class=\"elementor-widget-container\">\n\t\t\t\t\t\t\t<div class=\"elementor-divider\" style=\"--divider-pattern-url: url(&quot;data:image\/svg+xml,%3Csvg xmlns=&#039;http:\/\/www.w3.org\/2000\/svg&#039; preserveAspectRatio=&#039;none&#039; overflow=&#039;visible&#039; height=&#039;100%&#039; viewBox=&#039;0 0 24 24&#039; fill=&#039;none&#039; stroke=&#039;black&#039; stroke-width=&#039;1.4&#039; stroke-linecap=&#039;square&#039; stroke-miterlimit=&#039;10&#039;%3E%3Cpath d=&#039;M0,6c6,0,6,13,12,13S18,6,24,6&#039;\/%3E%3C\/svg%3E&quot;);\">\n\t\t\t<span class=\"elementor-divider-separator\">\n\t\t\t\t\t\t<\/span>\n\t\t<\/div>\n\t\t\t\t\t\t<\/div>\n\t\t\t\t<\/div>\n\t\t\t\t<div class=\"elementor-element elementor-element-d5f4ae1 elementor-widget elementor-widget-heading\" data-id=\"d5f4ae1\" data-element_type=\"widget\" data-e-type=\"widget\" data-widget_type=\"heading.default\">\n\t\t\t\t<div class=\"elementor-widget-container\">\n\t\t\t\t\t<h2 class=\"elementor-heading-title elementor-size-default\">Nos activit\u00e9s \u00e0 la demi - journ\u00e9e<\/h2>\t\t\t\t<\/div>\n\t\t\t\t<\/div>\n\t\t<div class=\"elementor-element elementor-element-1190353 e-grid e-con-boxed wpr-particle-no wpr-jarallax-no wpr-parallax-no wpr-sticky-section-no wpr-equal-height-no e-con e-child\" data-id=\"1190353\" data-element_type=\"container\" data-e-type=\"container\">\n\t\t\t\t\t<div class=\"e-con-inner\">\n\t\t\t\t<div class=\"elementor-element elementor-element-ba7b5ca elementor-widget elementor-widget-text-editor\" data-id=\"ba7b5ca\" data-element_type=\"widget\" data-e-type=\"widget\" data-widget_type=\"text-editor.default\">\n\t\t\t\t<div class=\"elementor-widget-container\">\n\t\t\t\t\t\t\t\t\t<p style=\"text-align: center;\"><span style=\"text-decoration: underline;\">Balade en pirogue<\/span><\/p><p style=\"text-align: center;\">Partez explorer la mangrove en pirogue. A la d\u00e9couverte de faune et la flore locale.<\/p>\t\t\t\t\t\t\t\t<\/div>\n\t\t\t\t<\/div>\n\t\t\t\t<div class=\"elementor-element elementor-element-3566fd8 elementor-widget elementor-widget-text-editor\" data-id=\"3566fd8\" data-element_type=\"widget\" data-e-type=\"widget\" data-widget_type=\"text-editor.default\">\n\t\t\t\t<div class=\"elementor-widget-container\">\n\t\t\t\t\t\t\t\t\t<p style=\"text-align: center;\"><strong><\/strong><span style=\"text-decoration: underline;\">Visite des plantations<\/span><\/p><p style=\"text-align: center;\">Partez \u00e0 la d\u00e9couverte des plantations de caf\u00e9, cacao et vanille.<\/p>\t\t\t\t\t\t\t\t<\/div>\n\t\t\t\t<\/div>\n\t\t\t\t<div class=\"elementor-element elementor-element-bb3a741 elementor-widget elementor-widget-text-editor\" data-id=\"bb3a741\" data-element_type=\"widget\" data-e-type=\"widget\" data-widget_type=\"text-editor.default\">\n\t\t\t\t<div class=\"elementor-widget-container\">\n\t\t\t\t\t\t\t\t\t<p style=\"text-align: center;\"><span style=\"text-decoration: underline;\">P\u00eache traditionnelle<\/span><strong><br \/><\/strong><\/p><p style=\"text-align: center;\">En pirogue ou \u00e0 pied, d\u00e9couvrez les diff\u00e9rentes techniques de p\u00eache dans la mangrove.<\/p>\t\t\t\t\t\t\t\t<\/div>\n\t\t\t\t<\/div>\n\t\t\t\t<div class=\"elementor-element elementor-element-c2f284b elementor-widget elementor-widget-text-editor\" data-id=\"c2f284b\" data-element_type=\"widget\" data-e-type=\"widget\" data-widget_type=\"text-editor.default\">\n\t\t\t\t<div class=\"elementor-widget-container\">\n\t\t\t\t\t\t\t\t\t<p style=\"text-align: center;\"><span style=\"text-decoration: underline;\">Concombre de mer<\/span><strong><br \/><\/strong><\/p><p style=\"text-align: center;\">Visitez l&rsquo;exploitation de concombre de mer de Ambiky.<\/p>\t\t\t\t\t\t\t\t<\/div>\n\t\t\t\t<\/div>\n\t\t\t\t\t<\/div>\n\t\t\t\t<\/div>\n\t\t<div class=\"elementor-element elementor-element-49f972d e-grid e-con-full wpr-particle-no wpr-jarallax-no wpr-parallax-no wpr-sticky-section-no wpr-equal-height-no e-con e-child\" data-id=\"49f972d\" data-element_type=\"container\" data-e-type=\"container\">\n\t\t\t\t<div class=\"elementor-element elementor-element-7f04a7b elementor-widget elementor-widget-text-editor\" data-id=\"7f04a7b\" data-element_type=\"widget\" data-e-type=\"widget\" data-widget_type=\"text-editor.default\">\n\t\t\t\t<div class=\"elementor-widget-container\">\n\t\t\t\t\t\t\t\t\t<p style=\"text-align: center;\"><strong><span style=\"text-decoration: underline;\">Reforestation de la mangrove<\/span><\/strong><\/p><p style=\"text-align: center;\">Participez \u00e0 une action de reforestation de la mangrove avec les villageois.<\/p>\t\t\t\t\t\t\t\t<\/div>\n\t\t\t\t<\/div>\n\t\t\t\t<\/div>\n\t\t\t\t<div class=\"elementor-element elementor-element-78e8aba elementor-widget-divider--separator-type-pattern elementor-widget-divider--view-line elementor-widget elementor-widget-divider\" data-id=\"78e8aba\" data-element_type=\"widget\" data-e-type=\"widget\" data-widget_type=\"divider.default\">\n\t\t\t\t<div class=\"elementor-widget-container\">\n\t\t\t\t\t\t\t<div class=\"elementor-divider\" style=\"--divider-pattern-url: url(&quot;data:image\/svg+xml,%3Csvg xmlns=&#039;http:\/\/www.w3.org\/2000\/svg&#039; preserveAspectRatio=&#039;none&#039; overflow=&#039;visible&#039; height=&#039;100%&#039; viewBox=&#039;0 0 24 24&#039; fill=&#039;none&#039; stroke=&#039;black&#039; stroke-width=&#039;1.4&#039; stroke-linecap=&#039;square&#039; stroke-miterlimit=&#039;10&#039;%3E%3Cpath d=&#039;M0,6c6,0,6,13,12,13S18,6,24,6&#039;\/%3E%3C\/svg%3E&quot;);\">\n\t\t\t<span class=\"elementor-divider-separator\">\n\t\t\t\t\t\t<\/span>\n\t\t<\/div>\n\t\t\t\t\t\t<\/div>\n\t\t\t\t<\/div>\n\t\t\t\t<div class=\"elementor-element elementor-element-ee37995 elementor-widget elementor-widget-heading\" data-id=\"ee37995\" data-element_type=\"widget\" data-e-type=\"widget\" data-widget_type=\"heading.default\">\n\t\t\t\t<div class=\"elementor-widget-container\">\n\t\t\t\t\t<h2 class=\"elementor-heading-title elementor-size-default\">Nos activit\u00e9s escapades<\/h2>\t\t\t\t<\/div>\n\t\t\t\t<\/div>\n\t\t\t\t<div class=\"elementor-element elementor-element-b5e16ce elementor-widget__width-initial elementor-widget elementor-widget-text-editor\" data-id=\"b5e16ce\" data-element_type=\"widget\" data-e-type=\"widget\" data-widget_type=\"text-editor.default\">\n\t\t\t\t<div class=\"elementor-widget-container\">\n\t\t\t\t\t\t\t\t\t<p style=\"text-align: center;\">Partez \u00e0 la d\u00e9couverte des recoins extraordinaires de la commune. Sur terre, comme en mer vous en prendrez pleins les yeux ! Les activit\u00e9s durent en moyenne 2 heures.<\/p>\t\t\t\t\t\t\t\t<\/div>\n\t\t\t\t<\/div>\n\t\t<div class=\"elementor-element elementor-element-276c963 e-grid e-con-boxed wpr-particle-no wpr-jarallax-no wpr-parallax-no wpr-sticky-section-no wpr-equal-height-no e-con e-child\" data-id=\"276c963\" data-element_type=\"container\" data-e-type=\"container\">\n\t\t\t\t\t<div class=\"e-con-inner\">\n\t\t\t\t<div class=\"elementor-element elementor-element-0f56fd3 elementor-widget elementor-widget-text-editor\" data-id=\"0f56fd3\" data-element_type=\"widget\" data-e-type=\"widget\" data-widget_type=\"text-editor.default\">\n\t\t\t\t<div class=\"elementor-widget-container\">\n\t\t\t\t\t\t\t\t\t<p style=\"text-align: center;\"><span style=\"text-decoration: underline;\">Balade \u00e0 pied autour d&rsquo;Ambalahonko<\/span><strong><br \/><\/strong><\/p><p style=\"text-align: center;\">\u00a0D\u00e9couvrez les rizi\u00e8res, les for\u00eats, les plantations et la mangrove d&rsquo;Ambalahonko.<\/p><p style=\"text-align: center;\"><\/p>\t\t\t\t\t\t\t\t<\/div>\n\t\t\t\t<\/div>\n\t\t\t\t<div class=\"elementor-element elementor-element-bece9af elementor-widget elementor-widget-text-editor\" data-id=\"bece9af\" data-element_type=\"widget\" data-e-type=\"widget\" data-widget_type=\"text-editor.default\">\n\t\t\t\t<div class=\"elementor-widget-container\">\n\t\t\t\t\t\t\t\t\t<p style=\"text-align: center;\"><strong><span style=\"text-decoration: underline;\">Apiculture<\/span><\/strong><\/p><p style=\"text-align: center;\">D\u00e9couvrez l&rsquo;activit\u00e9 d&rsquo;Apiculture et le monde des abeilles.<\/p>\t\t\t\t\t\t\t\t<\/div>\n\t\t\t\t<\/div>\n\t\t\t\t\t<\/div>\n\t\t\t\t<\/div>\n\t\t\t\t<div class=\"elementor-element elementor-element-63ed8c0 elementor-widget elementor-widget-heading\" data-id=\"63ed8c0\" data-element_type=\"widget\" data-e-type=\"widget\" data-widget_type=\"heading.default\">\n\t\t\t\t<div class=\"elementor-widget-container\">\n\t\t\t\t\t<h2 class=\"elementor-heading-title elementor-size-default\">D'autres envies ?<\/h2>\t\t\t\t<\/div>\n\t\t\t\t<\/div>\n\t\t\t\t<div class=\"elementor-element elementor-element-585281b elementor-widget__width-initial elementor-widget elementor-widget-text-editor\" data-id=\"585281b\" data-element_type=\"widget\" data-e-type=\"widget\" data-widget_type=\"text-editor.default\">\n\t\t\t\t<div class=\"elementor-widget-container\">\n\t\t\t\t\t\t\t\t\t<p style=\"text-align: center;\">Tout est possible \u00e0 la Maison Des Voyageurs !! Nous pouvons vous proposer d&rsquo;autres activit\u00e9s, balade en v\u00e9lo, atelier de percussions, transport en charrette&#8230; Merci de nous pr\u00e9ciser vos envies lors de la r\u00e9servation. Nous ferons au mieux pour vous satisfaire !<\/p>\t\t\t\t\t\t\t\t<\/div>\n\t\t\t\t<\/div>\n\t\t\t\t\t<\/div>\n\t\t\t\t<\/div>\n\t\t\t\t<\/div>","protected":false},"excerpt":{"rendered":"<p>Nos activit\u00e9s Lors de votre s\u00e9jour \u00e0 la Maison Des Voyageurs, vous pourrez participer \u00e0 diff\u00e9rentes activit\u00e9s. En fonction de vos d\u00e9sirs et de vos disponibilit\u00e9s, vous pouvez choisir des activit\u00e9s avec des formules ou \u00e0 la carte. La majorit\u00e9 des activit\u00e9s sont anim\u00e9es par les associations villageoises partenaires et<\/p>","protected":false},"author":1,"featured_media":0,"parent":0,"menu_order":0,"comment_status":"closed","ping_status":"closed","template":"page-templates\/template-pagebuilder-full-width.php","meta":{"_uag_custom_page_level_css":"","_themeisle_gutenberg_block_has_review":false,"footnotes":""},"class_list":["post-2978","page","type-page","status-publish","hentry"],"aioseo_notices":[],"uagb_featured_image_src":{"full":false,"thumbnail":false,"medium":false,"medium_large":false,"large":false,"1536x1536":false,"2048x2048":false,"trp-custom-language-flag":false,"hestia-blog":false},"uagb_author_info":{"display_name":"thomas.bellon.pro@gmail.com","author_link":"https:\/\/maisondesvoyageurs.org\/en\/author\/thomas-bellon-progmail-com\/"},"uagb_comment_info":0,"uagb_excerpt":"Nos activit\u00e9s Lors de votre s\u00e9jour \u00e0 la Maison Des Voyageurs, vous pourrez participer \u00e0 diff\u00e9rentes activit\u00e9s. En fonction de vos d\u00e9sirs et de vos disponibilit\u00e9s, vous pouvez choisir des activit\u00e9s avec des formules ou \u00e0 la carte. La majorit\u00e9 des activit\u00e9s sont anim\u00e9es par les associations villageoises partenaires et","_links":{"self":[{"href":"https:\/\/maisondesvoyageurs.org\/en\/wp-json\/wp\/v2\/pages\/2978","targetHints":{"allow":["GET"]}}],"collection":[{"href":"https:\/\/maisondesvoyageurs.org\/en\/wp-json\/wp\/v2\/pages"}],"about":[{"href":"https:\/\/maisondesvoyageurs.org\/en\/wp-json\/wp\/v2\/types\/page"}],"author":[{"embeddable":true,"href":"https:\/\/maisondesvoyageurs.org\/en\/wp-json\/wp\/v2\/users\/1"}],"replies":[{"embeddable":true,"href":"https:\/\/maisondesvoyageurs.org\/en\/wp-json\/wp\/v2\/comments?post=2978"}],"version-history":[{"count":623,"href":"https:\/\/maisondesvoyageurs.org\/en\/wp-json\/wp\/v2\/pages\/2978\/revisions"}],"predecessor-version":[{"id":4720,"href":"https:\/\/maisondesvoyageurs.org\/en\/wp-json\/wp\/v2\/pages\/2978\/revisions\/4720"}],"wp:attachment":[{"href":"https:\/\/maisondesvoyageurs.org\/en\/wp-json\/wp\/v2\/media?parent=2978"}],"curies":[{"name":"wp","href":"https:\/\/api.w.org\/{rel}","templated":true}]}}