{"id":2966,"date":"2025-02-07T17:40:05","date_gmt":"2025-02-07T14:40:05","guid":{"rendered":"https:\/\/maisondesvoyageurs.org\/?page_id=2966"},"modified":"2025-08-21T10:11:48","modified_gmt":"2025-08-21T07:11:48","slug":"reservez-votre-sejour-a-la-maison-des-voyageurs","status":"publish","type":"page","link":"https:\/\/maisondesvoyageurs.org\/en\/reservez-votre-sejour-a-la-maison-des-voyageurs\/","title":{"rendered":"R\u00e9servation"},"content":{"rendered":"<div data-elementor-type=\"wp-page\" data-elementor-id=\"2966\" class=\"elementor elementor-2966\">\n\t\t\t\t<div class=\"elementor-element elementor-element-850af2c e-flex e-con-boxed wpr-particle-no wpr-jarallax-no wpr-parallax-no wpr-sticky-section-no wpr-equal-height-no e-con e-parent\" data-id=\"850af2c\" data-element_type=\"container\" data-e-type=\"container\" data-settings=\"{&quot;background_background&quot;:&quot;classic&quot;}\">\n\t\t\t\t\t<div class=\"e-con-inner\">\n\t\t<div class=\"elementor-element elementor-element-1fd76a0 e-con-full e-flex wpr-particle-no wpr-jarallax-no wpr-parallax-no wpr-sticky-section-no wpr-equal-height-no e-con e-child\" data-id=\"1fd76a0\" data-element_type=\"container\" data-e-type=\"container\" data-settings=\"{&quot;background_background&quot;:&quot;classic&quot;}\">\n\t\t\t\t<div class=\"elementor-element elementor-element-6bee903 elementor-widget elementor-widget-heading\" data-id=\"6bee903\" data-element_type=\"widget\" data-e-type=\"widget\" data-widget_type=\"heading.default\">\n\t\t\t\t<div class=\"elementor-widget-container\">\n\t\t\t\t\t<h2 class=\"elementor-heading-title elementor-size-default\">R\u00e9servez votre s\u00e9jour \u00e0 la Maison Des Voyageurs<\/h2>\t\t\t\t<\/div>\n\t\t\t\t<\/div>\n\t\t\t\t<div class=\"elementor-element elementor-element-439b003 elementor-widget elementor-widget-text-editor\" data-id=\"439b003\" data-element_type=\"widget\" data-e-type=\"widget\" data-widget_type=\"text-editor.default\">\n\t\t\t\t<div class=\"elementor-widget-container\">\n\t\t\t\t\t\t\t\t\t<p dir=\"auto\" style=\"text-align: center;\">Bienvenue \u00e0 la Maison des Voyageurs ! Nous avons h\u00e2te de vous accueillir pour vous faire vivre une exp\u00e9rience unique !<\/p><p dir=\"auto\" style=\"text-align: center;\">Des questions persistent ? Allez voir <a href=\"https:\/\/maisondesvoyageurs.org\/en\/faq\/\" target=\"_blank\" rel=\"noopener\">dans la FAQ<\/a> pour trouver vos r\u00e9ponses ou contactez nous via notre formulaire de contact <a href=\"https:\/\/maisondesvoyageurs.org\/en\/\" target=\"_blank\" rel=\"noopener\">en bas de la page d&rsquo;accueil.<\/a><\/p><p dir=\"auto\" style=\"text-align: center;\">Pour r\u00e9servez votre s\u00e9jour, merci de remplir le formulaire ci &#8211; dessous.<\/p><p dir=\"auto\" style=\"text-align: center;\">Vous recevrez une confirmation de r\u00e9servation par mail et nous prendrons rapidement contact avec vous pour organiser au mieux votre arriv\u00e9e.<\/p><p dir=\"auto\" style=\"text-align: center;\"><\/p>\t\t\t\t\t\t\t\t<\/div>\n\t\t\t\t<\/div>\n\t\t\t\t<div class=\"elementor-element elementor-element-c0b8021 elementor-widget elementor-widget-text-editor\" data-id=\"c0b8021\" data-element_type=\"widget\" data-e-type=\"widget\" data-widget_type=\"text-editor.default\">\n\t\t\t\t<div class=\"elementor-widget-container\">\n\t\t\t\t\t\t\t\t\t<p>*Pensez \u00e0 v\u00e9rifier dans vos spams pour la confirmation de votre r\u00e9servation.\u00a0<span style=\"text-decoration: underline;\"><br \/><\/span><\/p><p>Merci et \u00e0 tr\u00e8s vite \u00e0 la Maison Des Voyageurs !!<\/p>\t\t\t\t\t\t\t\t<\/div>\n\t\t\t\t<\/div>\n\t\t\t\t<div class=\"elementor-element elementor-element-893940b elementor-widget elementor-widget-shortcode\" data-id=\"893940b\" data-element_type=\"widget\" data-e-type=\"widget\" data-widget_type=\"shortcode.default\">\n\t\t\t\t<div class=\"elementor-widget-container\">\n\t\t\t\t\t\t\t<div class=\"elementor-shortcode\">  <div id=\"form_id1298057892080\" class=\"wpbc_container wpbc_form wpbc_container_booking_form wpbc_theme_dark_1\" ><form id=\"booking_form1\" class=\"booking_form vertical\" method=\"post\" action=\"\" data-trp-original-action=\"\"><div id=\"ajax_respond_insert1\" class=\"ajax_respond_insert\" style=\"display:none;\"><\/div><a name=\"bklnk1\" id=\"bklnk1\"><\/a><div id=\"booking_form_div1\" class=\"booking_form_div\"><style type=\"text\/css\">.wpbc_container_booking_form .block_hints, .wpbc_booking_form_simple.wpbc_form_center .wpbc__form__div .wpbc__row.wpbc_r_calendar, .wpbc_booking_form_simple .wpbc__form__div .wpbc__row:not(.wpbc_r_calendar){max-width:440px;} <\/style>\n<div class=\"wpbc_booking_form_simple\">\n<div class=\"wpbc__row\">\n  <div class=\"wpbc__field\">\n    <div class=\"wpbc_calendar_wraper wpbc_change_over_triangle\"><div class=\"wpbc_cal_container bk_calendar_frame wpbc_no_custom_width  months_num_in_row_ cal_month_num_1\" style=\"\"><div id=\"calendar_booking1\"  class=\"wpbc_calendar_id_1\" >\t<div class=\"calendar_loader_frame calendar_loader_frame1\"\r\n\t\tdata-wpbc-rid=\"1\"\r\n\t\tdata-wpbc-grace=\"8000\"\r\n\t\tstyle=\"--wpbc-loader-cols: 1;\"\r\n\t>\r\n\t\t<div class=\"calendar_loader_text\">Loading...<\/div>\r\n\t\t<div class=\"calendar_loader_frame__progress_line_container\">\r\n\t\t\t<div class=\"calendar_loader_frame__progress_line\"><\/div>\r\n\t\t<\/div>\r\n\t<\/div>\r\n\t<\/div><\/div><div style=\"font-size:7px;text-align:left;margin:0 0 10px;text-shadow: none;\">Powered by <a href=\"https:\/\/wpbookingcalendar.com\" style=\"font-size:7px;\" target=\"_blank\" title=\"Booking Calendar plugin for WordPress\">Booking Calendar<\/a><\/div><textarea id=\"date_booking1\" name=\"date_booking1\" autocomplete=\"off\" style=\"display:none;\"><\/textarea><div class=\"block_hints datepick  block_hints_vertical\"><div class=\"wpdev_hint_with_text\"><div class=\"\"><div class=\"datepick-inline wpbc_calendar_legend_table_width_height\"><table class=\"datepick wpbc_calendar\" style=\"\"><tbody><tr><td class=\"datepick-days-cell date_available wpbc_calendar_legend_day_cell_height\"><div class=\"wpbc-cell-box\">\t<div class=\"date-cell-content\">\t\t<div class=\"date-content-top\"><\/div>\t\t<a>07<\/a>\t\t<div class=\"date-content-bottom\"><\/div>\t<\/div><\/div><\/td><\/tr><\/tbody><\/table><\/div><\/div><div class=\"block_text\">- <\/div><div class=\"block_text\">Disponible<\/div><\/div><div class=\"wpdev_hint_with_text\"><div class=\"\"><div class=\"datepick-inline wpbc_calendar_legend_table_width_height\"><table class=\"datepick wpbc_calendar\" style=\"\"><tbody><tr><td class=\"datepick-days-cell datepick-unselectable date_user_unavailable full_day_booking date_approved wpbc_calendar_legend_day_cell_height\"><div class=\"wpbc-cell-box\">\t<div class=\"date-cell-content\">\t\t<div class=\"date-content-top\"><\/div>\t\t<span>07<\/span>\t\t<div class=\"date-content-bottom\"><\/div>\t<\/div><\/div><\/td><\/tr><\/tbody><\/table><\/div><\/div><div class=\"block_text\">- <\/div><div class=\"block_text\">R\u00e9serv\u00e9<\/div><\/div><\/div><\/div>\n  <\/div>\n  <div class=\"wpbc__field\">\n<div class=\"wpbc__form__div\">\n\t\t\t<div class=\"wpbc__row\">\n\t\t\t\t<div class=\"wpbc_r_nom wpbc__field\"> <label>Nom*<\/label><br><span class=\"wpbc_wrap_text wpdev-form-control-wrap nom1\"><input type=\"text\" name=\"nom1\" value=\"\" autocomplete=\"nom\" class=\"wpdev-validates-as-required\" size=\"40\" \/><\/span> <\/div>\n\t\t\t<\/div>\n\t\t\t<div class=\"wpbc__row\">\n\t\t\t\t<div class=\"wpbc_r_name wpbc__field\"> <label>Pr\u00e9nom*<\/label><br><span class=\"wpbc_wrap_text wpdev-form-control-wrap name1\"><input type=\"text\" name=\"name1\" value=\"\" autocomplete=\"name\" class=\"wpdev-validates-as-required\" size=\"40\" \/><\/span> <\/div>\n\t\t\t<\/div>\n\t\t\t<div class=\"wpbc__row\">\n\t\t\t\t<div class=\"wpbc_r_jevoyage wpbc__field\"> <label>Je voyage*<\/label><br><span class=\"wpbc_wrap_select wpdev-form-control-wrap jevoyage1\"><select onchange=\"javascript:if(typeof( wpbc_show_cost_hints_after_few_seconds )=='function'){wpbc_show_cost_hints_after_few_seconds(1);}\" name=\"jevoyage1\" autocomplete=\"jevoyage\" class=\"wpdev-validates-as-required\"><option value=\"Seul(e)\">Seul(e)<\/option><option value=\"Nous serons deux\">Nous serons deux<\/option><option value=\"Nous serons plus que deux\">Nous serons plus que deux<\/option><\/select><\/span> <\/div>\n\t\t\t<\/div>\n\t\t\t<div class=\"wpbc__row\">\n\t\t\t\t<div class=\"wpbc_r_email wpbc__field\"> <label>Email*<\/label><br><span class=\"wpbc_wrap_text wpdev-form-control-wrap email1\"><input type=\"email\" name=\"email1\" value=\"\" autocomplete=\"email\" class=\"wpdev-validates-as-email wpdev-validates-as-required\" size=\"40\" \/><\/span> <\/div>\n\t\t\t<\/div>\n\t\t\t<div class=\"wpbc__row\">\n\t\t\t\t<div class=\"wpbc_r_phone wpbc__field\"> <label>Whatsapp<\/label><br><span class=\"wpbc_wrap_text wpdev-form-control-wrap phone1\"><input type=\"text\" name=\"phone1\" value=\"\" autocomplete=\"phone\" size=\"40\" \/><\/span> <\/div>\n\t\t\t<\/div>\n\t\t\t<div class=\"wpbc__row\">\n\t\t\t\t<div class=\"wpbc_r_lesactivitsenvisages wpbc__field\"> <label>Les activit\u00e9s envisag\u00e9es<\/label><br><span class=\"wpbc_wrap_textarea wpdev-form-control-wrap lesactivitsenvisages1\"><textarea name=\"lesactivitsenvisages1\" autocomplete=\"lesactivitsenvisages\"><\/textarea><\/span> <\/div>\n\t\t\t<\/div>\n\t\t\t<div class=\"wpbc__row\">\n\t\t\t\t<div class=\"wpbc_r_autresremarques wpbc__field\"> <label>Commentaires<\/label><br><span class=\"wpbc_wrap_textarea wpdev-form-control-wrap autresremarques1\"><textarea name=\"autresremarques1\" autocomplete=\"autresremarques\"><\/textarea><\/span> <\/div>\n\t\t\t<\/div>\n\t\t\t<div class=\"wpbc__row\">\n\t\t\t\t<div class=\"wpbc_r_submit wpbc__field\"><input type=\"button\" value=\"R\u00e9server\" class=\"wpbc_button_light  btn btn\" onclick=\"wpbc_booking_form_submit(this.form,1, 'en_GB');\" \/> <\/div>\n\t\t\t<\/div>\n<\/div>\n\t<\/div>\n\t<\/div>\n<\/div><input id=\"bk_type1\" name=\"bk_type1\" class=\"\" type=\"hidden\" value=\"1\" \/><\/div><div id=\"submiting1\"><\/div><div class=\"form_bk_messages\" id=\"form_bk_messages1\" ><\/div><input type=\"hidden\" id=\"wpbc_nonceCALCULATE_THE_COST1\" name=\"wpbc_nonceCALCULATE_THE_COST1\" value=\"4b2a24d3e0\" \/><input type=\"hidden\" name=\"_wp_http_referer\" value=\"\/en\/wp-json\/wp\/v2\/pages\/2966\" \/><input type=\"hidden\" name=\"trp-form-language\" value=\"en\"\/><\/form><\/div><div id=\"booking_form_garbage1\" class=\"booking_form_garbage\"><\/div>  <\/div>\n\t\t\t\t\t\t<\/div>\n\t\t\t\t<\/div>\n\t\t\t\t<\/div>\n\t\t\t\t\t<\/div>\n\t\t\t\t<\/div>\n\t\t\t\t<\/div>","protected":false},"excerpt":{"rendered":"<p>R\u00e9servez votre s\u00e9jour \u00e0 la Maison Des Voyageurs Bienvenue \u00e0 la Maison des Voyageurs ! Nous avons h\u00e2te de vous accueillir pour vous faire vivre une exp\u00e9rience unique ! Des questions persistent ? Allez voir dans la FAQ pour trouver vos r\u00e9ponses ou contactez nous via notre formulaire de contact<\/p>","protected":false},"author":1,"featured_media":0,"parent":0,"menu_order":0,"comment_status":"closed","ping_status":"closed","template":"page-templates\/template-pagebuilder-full-width.php","meta":{"_uag_custom_page_level_css":"","_themeisle_gutenberg_block_has_review":false,"footnotes":""},"class_list":["post-2966","page","type-page","status-publish","hentry"],"aioseo_notices":[],"uagb_featured_image_src":{"full":false,"thumbnail":false,"medium":false,"medium_large":false,"large":false,"1536x1536":false,"2048x2048":false,"trp-custom-language-flag":false,"hestia-blog":false},"uagb_author_info":{"display_name":"thomas.bellon.pro@gmail.com","author_link":"https:\/\/maisondesvoyageurs.org\/en\/author\/thomas-bellon-progmail-com\/"},"uagb_comment_info":0,"uagb_excerpt":"R\u00e9servez votre s\u00e9jour \u00e0 la Maison Des Voyageurs Bienvenue \u00e0 la Maison des Voyageurs ! Nous avons h\u00e2te de vous accueillir pour vous faire vivre une exp\u00e9rience unique ! Des questions persistent ? Allez voir dans la FAQ pour trouver vos r\u00e9ponses ou contactez nous via notre formulaire de contact","_links":{"self":[{"href":"https:\/\/maisondesvoyageurs.org\/en\/wp-json\/wp\/v2\/pages\/2966","targetHints":{"allow":["GET"]}}],"collection":[{"href":"https:\/\/maisondesvoyageurs.org\/en\/wp-json\/wp\/v2\/pages"}],"about":[{"href":"https:\/\/maisondesvoyageurs.org\/en\/wp-json\/wp\/v2\/types\/page"}],"author":[{"embeddable":true,"href":"https:\/\/maisondesvoyageurs.org\/en\/wp-json\/wp\/v2\/users\/1"}],"replies":[{"embeddable":true,"href":"https:\/\/maisondesvoyageurs.org\/en\/wp-json\/wp\/v2\/comments?post=2966"}],"version-history":[{"count":155,"href":"https:\/\/maisondesvoyageurs.org\/en\/wp-json\/wp\/v2\/pages\/2966\/revisions"}],"predecessor-version":[{"id":4652,"href":"https:\/\/maisondesvoyageurs.org\/en\/wp-json\/wp\/v2\/pages\/2966\/revisions\/4652"}],"wp:attachment":[{"href":"https:\/\/maisondesvoyageurs.org\/en\/wp-json\/wp\/v2\/media?parent=2966"}],"curies":[{"name":"wp","href":"https:\/\/api.w.org\/{rel}","templated":true}]}}